{"id":702,"date":"2024-12-22T20:11:02","date_gmt":"2024-12-22T20:11:02","guid":{"rendered":"https:\/\/consensodebrasilia.org\/?page_id=702"},"modified":"2024-12-23T20:32:36","modified_gmt":"2024-12-23T20:32:36","slug":"redes-y-grupos-de-trabajo","status":"publish","type":"page","link":"https:\/\/consensodebrasilia.org\/pt\/redes-y-grupos-de-trabajo\/","title":{"rendered":"Redes e grupos de trabalho"},"content":{"rendered":"<div data-elementor-type=\"wp-page\" data-elementor-id=\"702\" class=\"elementor elementor-702\" data-elementor-post-type=\"page\">\n\t\t\t\t<div class=\"elementor-element elementor-element-ebfeeb1 e-flex e-con-boxed e-con e-parent\" data-id=\"ebfeeb1\" data-element_type=\"container\" data-e-type=\"container\">\n\t\t\t\t\t<div class=\"e-con-inner\">\n\t\t\t\t<div class=\"elementor-element elementor-element-72ec6b2 elementor-widget elementor-widget-heading\" data-id=\"72ec6b2\" data-element_type=\"widget\" data-e-type=\"widget\" data-widget_type=\"heading.default\">\n\t\t\t\t<div class=\"elementor-widget-container\">\n\t\t\t\t\t<h2 class=\"elementor-heading-title elementor-size-default\">Redes e grupos de trabalho<\/h2>\t\t\t\t<\/div>\n\t\t\t\t<\/div>\n\t\t\t\t\t<\/div>\n\t\t\t\t<\/div>\n\t\t<div class=\"elementor-element elementor-element-5d3dc69 e-flex e-con-boxed e-con e-parent\" data-id=\"5d3dc69\" data-element_type=\"container\" data-e-type=\"container\">\n\t\t\t\t\t<div class=\"e-con-inner\">\n\t\t\t\t<div class=\"elementor-element elementor-element-1364d47 elementor-widget elementor-widget-jet-listing-grid\" data-id=\"1364d47\" data-element_type=\"widget\" data-e-type=\"widget\" data-settings=\"{&quot;columns&quot;:&quot;3&quot;,&quot;columns_mobile&quot;:&quot;1&quot;}\" data-widget_type=\"jet-listing-grid.default\">\n\t\t\t\t<div class=\"elementor-widget-container\">\n\t\t\t\t\t<div class=\"jet-listing-grid jet-listing\"><div class=\"jet-listing-grid__items grid-col-desk-3 grid-col-tablet-3 grid-col-mobile-1 jet-listing-grid--483 jet-equal-columns__wrapper\" data-queried-id=\"702|WP_Post\" data-nav=\"{&quot;enabled&quot;:false,&quot;type&quot;:null,&quot;more_el&quot;:null,&quot;query&quot;:[],&quot;widget_settings&quot;:{&quot;lisitng_id&quot;:483,&quot;posts_num&quot;:6,&quot;columns&quot;:3,&quot;columns_tablet&quot;:3,&quot;columns_mobile&quot;:1,&quot;is_archive_template&quot;:&quot;&quot;,&quot;post_status&quot;:[&quot;publish&quot;],&quot;use_random_posts_num&quot;:&quot;&quot;,&quot;max_posts_num&quot;:9,&quot;not_found_message&quot;:&quot;No data was found&quot;,&quot;is_masonry&quot;:false,&quot;equal_columns_height&quot;:&quot;yes&quot;,&quot;use_load_more&quot;:&quot;&quot;,&quot;load_more_id&quot;:&quot;&quot;,&quot;load_more_type&quot;:&quot;click&quot;,&quot;load_more_offset&quot;:{&quot;unit&quot;:&quot;px&quot;,&quot;size&quot;:0,&quot;sizes&quot;:[]},&quot;use_custom_post_types&quot;:&quot;&quot;,&quot;custom_post_types&quot;:[],&quot;hide_widget_if&quot;:&quot;&quot;,&quot;carousel_enabled&quot;:&quot;&quot;,&quot;slides_to_scroll&quot;:&quot;1&quot;,&quot;arrows&quot;:&quot;true&quot;,&quot;arrow_icon&quot;:&quot;fa fa-angle-left&quot;,&quot;dots&quot;:&quot;&quot;,&quot;autoplay&quot;:&quot;true&quot;,&quot;pause_on_hover&quot;:&quot;true&quot;,&quot;autoplay_speed&quot;:5000,&quot;infinite&quot;:&quot;true&quot;,&quot;center_mode&quot;:&quot;&quot;,&quot;effect&quot;:&quot;slide&quot;,&quot;speed&quot;:500,&quot;inject_alternative_items&quot;:&quot;&quot;,&quot;injection_items&quot;:[],&quot;scroll_slider_enabled&quot;:&quot;&quot;,&quot;scroll_slider_on&quot;:[&quot;desktop&quot;,&quot;tablet&quot;,&quot;mobile&quot;],&quot;custom_query&quot;:false,&quot;custom_query_id&quot;:&quot;&quot;,&quot;_element_id&quot;:&quot;&quot;,&quot;collapse_first_last_gap&quot;:false,&quot;list_items_wrapper_tag&quot;:&quot;div&quot;,&quot;list_item_tag&quot;:&quot;div&quot;,&quot;empty_items_wrapper_tag&quot;:&quot;div&quot;}}\" data-page=\"1\" data-pages=\"1\" data-listing-source=\"posts\" data-listing-id=\"483\" data-query-id=\"\"><div class=\"jet-listing-grid__item jet-listing-dynamic-post-515 jet-equal-columns\" data-post-id=\"515\" >\t\t<div data-elementor-type=\"jet-listing-items\" data-elementor-id=\"483\" class=\"elementor elementor-483\" data-elementor-post-type=\"jet-engine\">\n\t\t\t\t<div class=\"elementor-element elementor-element-3977f53 e-flex e-con-boxed e-con e-parent\" data-id=\"3977f53\" data-element_type=\"container\" data-e-type=\"container\" data-settings=\"{&quot;background_background&quot;:&quot;classic&quot;}\">\n\t\t\t\t\t<div class=\"e-con-inner\">\n\t\t\t\t<div class=\"elementor-element elementor-element-a889f0d elementor-widget elementor-widget-image\" data-id=\"a889f0d\" data-element_type=\"widget\" data-e-type=\"widget\" data-widget_type=\"image.default\">\n\t\t\t\t<div class=\"elementor-widget-container\">\n\t\t\t\t\t\t\t\t\t\t\t\t\t\t\t<img fetchpriority=\"high\" decoding=\"async\" width=\"800\" height=\"600\" src=\"https:\/\/consensodebrasilia.org\/wp-content\/uploads\/2024\/12\/Salud-Consenso-de-Brasilia.jpg\" class=\"attachment-large size-large wp-image-1120\" alt=\"\" srcset=\"https:\/\/consensodebrasilia.org\/wp-content\/uploads\/2024\/12\/Salud-Consenso-de-Brasilia.jpg 800w, https:\/\/consensodebrasilia.org\/wp-content\/uploads\/2024\/12\/Salud-Consenso-de-Brasilia-300x225.jpg 300w, https:\/\/consensodebrasilia.org\/wp-content\/uploads\/2024\/12\/Salud-Consenso-de-Brasilia-768x576.jpg 768w, https:\/\/consensodebrasilia.org\/wp-content\/uploads\/2024\/12\/Salud-Consenso-de-Brasilia-16x12.jpg 16w\" sizes=\"(max-width: 800px) 100vw, 800px\" \/>\t\t\t\t\t\t\t\t\t\t\t\t\t\t\t<\/div>\n\t\t\t\t<\/div>\n\t\t<div class=\"elementor-element elementor-element-4b55064 e-con-full e-flex e-con e-child\" data-id=\"4b55064\" data-element_type=\"container\" data-e-type=\"container\">\n\t\t\t\t<div class=\"elementor-element elementor-element-fa013c2 elementor-widget elementor-widget-heading\" data-id=\"fa013c2\" data-element_type=\"widget\" data-e-type=\"widget\" data-widget_type=\"heading.default\">\n\t\t\t\t<div class=\"elementor-widget-container\">\n\t\t\t\t\t<h2 class=\"elementor-heading-title elementor-size-default\">Grupo de Trabalho de Sa\u00fade<\/h2>\t\t\t\t<\/div>\n\t\t\t\t<\/div>\n\t\t\t\t<div class=\"elementor-element elementor-element-68eb5d2 elementor-widget elementor-widget-heading\" data-id=\"68eb5d2\" data-element_type=\"widget\" data-e-type=\"widget\" data-widget_type=\"heading.default\">\n\t\t\t\t<div class=\"elementor-widget-container\">\n\t\t\t\t\t<p class=\"elementor-heading-title elementor-size-default\">A Declara\u00e7\u00e3o dos Ministros da Sa\u00fade do Consenso de Bras\u00edlia, adotada em Genebra em maio de 2024, declara o compromisso de intensificar o trabalho conjunto para fortalecer a coopera\u00e7\u00e3o e a integra\u00e7\u00e3o regional em sa\u00fade. Assim, \u00e9 ratificada a cria\u00e7\u00e3o dos seguintes Grupos de Trabalho e pa\u00edses l\u00edderes:<\/p>\t\t\t\t<\/div>\n\t\t\t\t<\/div>\n\t\t\t\t<div class=\"elementor-element elementor-element-93735c5 elementor-align-right elementor-widget elementor-widget-button\" data-id=\"93735c5\" data-element_type=\"widget\" data-e-type=\"widget\" data-widget_type=\"button.default\">\n\t\t\t\t<div class=\"elementor-widget-container\">\n\t\t\t\t\t\t\t\t\t<div class=\"elementor-button-wrapper\">\n\t\t\t\t\t<a class=\"elementor-button elementor-button-link elementor-size-sm\" href=\"https:\/\/consensodebrasilia.org\/pt\/redes-de-trabajo\/grupo-de-trabajo-de-salud\/\">\n\t\t\t\t\t\t<span class=\"elementor-button-content-wrapper\">\n\t\t\t\t\t\t\t\t\t<span class=\"elementor-button-text\">Ver detalhes<\/span>\n\t\t\t\t\t<\/span>\n\t\t\t\t\t<\/a>\n\t\t\t\t<\/div>\n\t\t\t\t\t\t\t\t<\/div>\n\t\t\t\t<\/div>\n\t\t\t\t<\/div>\n\t\t\t\t\t<\/div>\n\t\t\t\t<\/div>\n\t\t\t\t<\/div>\n\t\t<\/div><div class=\"jet-listing-grid__item jet-listing-dynamic-post-510 jet-equal-columns\" data-post-id=\"510\" >\t\t<div data-elementor-type=\"jet-listing-items\" data-elementor-id=\"483\" class=\"elementor elementor-483\" data-elementor-post-type=\"jet-engine\">\n\t\t\t\t<div class=\"elementor-element elementor-element-3977f53 e-flex e-con-boxed e-con e-parent\" data-id=\"3977f53\" data-element_type=\"container\" data-e-type=\"container\" data-settings=\"{&quot;background_background&quot;:&quot;classic&quot;}\">\n\t\t\t\t\t<div class=\"e-con-inner\">\n\t\t\t\t<div class=\"elementor-element elementor-element-a889f0d elementor-widget elementor-widget-image\" data-id=\"a889f0d\" data-element_type=\"widget\" data-e-type=\"widget\" data-widget_type=\"image.default\">\n\t\t\t\t<div class=\"elementor-widget-container\">\n\t\t\t\t\t\t\t\t\t\t\t\t\t\t\t<img decoding=\"async\" width=\"800\" height=\"600\" src=\"https:\/\/consensodebrasilia.org\/wp-content\/uploads\/2024\/12\/Redes-Consenso-de-Brasilia.jpg\" class=\"attachment-large size-large wp-image-1124\" alt=\"\" srcset=\"https:\/\/consensodebrasilia.org\/wp-content\/uploads\/2024\/12\/Redes-Consenso-de-Brasilia.jpg 800w, https:\/\/consensodebrasilia.org\/wp-content\/uploads\/2024\/12\/Redes-Consenso-de-Brasilia-300x225.jpg 300w, https:\/\/consensodebrasilia.org\/wp-content\/uploads\/2024\/12\/Redes-Consenso-de-Brasilia-768x576.jpg 768w, https:\/\/consensodebrasilia.org\/wp-content\/uploads\/2024\/12\/Redes-Consenso-de-Brasilia-16x12.jpg 16w\" sizes=\"(max-width: 800px) 100vw, 800px\" \/>\t\t\t\t\t\t\t\t\t\t\t\t\t\t\t<\/div>\n\t\t\t\t<\/div>\n\t\t<div class=\"elementor-element elementor-element-4b55064 e-con-full e-flex e-con e-child\" data-id=\"4b55064\" data-element_type=\"container\" data-e-type=\"container\">\n\t\t\t\t<div class=\"elementor-element elementor-element-fa013c2 elementor-widget elementor-widget-heading\" data-id=\"fa013c2\" data-element_type=\"widget\" data-e-type=\"widget\" data-widget_type=\"heading.default\">\n\t\t\t\t<div class=\"elementor-widget-container\">\n\t\t\t\t\t<h2 class=\"elementor-heading-title elementor-size-default\">Grupo de Trabalho Sul-Americano para o Gerenciamento Integral do Risco de Desastres<\/h2>\t\t\t\t<\/div>\n\t\t\t\t<\/div>\n\t\t\t\t<div class=\"elementor-element elementor-element-68eb5d2 elementor-widget elementor-widget-heading\" data-id=\"68eb5d2\" data-element_type=\"widget\" data-e-type=\"widget\" data-widget_type=\"heading.default\">\n\t\t\t\t<div class=\"elementor-widget-container\">\n\t\t\t\t\t<p class=\"elementor-heading-title elementor-size-default\">No \u00e2mbito da I Reuni\u00e3o Sul-Americana de Autoridades Nacionais de Gest\u00e3o de Risco de Desastres, realizada em Lima em 5 de mar\u00e7o de 2024, por meio da Declara\u00e7\u00e3o de Lima, foi acordada a cria\u00e7\u00e3o do \"Grupo de Trabalho Sul-Americano para Gest\u00e3o Integrada de Risco de Desastres\", com os seguintes objetivos: <br><br>\r\ni.         Elaborar um Mapa de Risco de Desastres que inclua todos os riscos potenciais nos pa\u00edses da sub-regi\u00e3o.<br>\r\nii.        Articular a rede de contatos das \u00e1reas governamentais respons\u00e1veis pela gest\u00e3o integral do risco de desastres e assist\u00eancia humanit\u00e1ria nos pa\u00edses da Sub-regi\u00e3o, bem como a das autoridades respons\u00e1veis pelo CAPRADE e RMAGIR\/MERCOSUL, que ser\u00e1 denominada \"Rede Sul-Americana de Gest\u00e3o Integral do Risco de Desastres\".<br>\r\niii.        Propor um modelo para um invent\u00e1rio de capacidades de preven\u00e7\u00e3o e resposta para que os pa\u00edses que considerem apropriado e de acordo com suas regulamenta\u00e7\u00f5es dom\u00e9sticas possam disponibilizar assist\u00eancia humanit\u00e1ria a um Estado que a solicite no caso de uma emerg\u00eancia de desastre;<br>\r\niv.        Iniciar o estabelecimento de um mecanismo e protocolo para a ativa\u00e7\u00e3o, usando os j\u00e1 existentes, de um sistema de resposta r\u00e1pida sul-americano baseado nas capacidades dos pa\u00edses para assist\u00eancia abrangente e coordenada a desastres.<br>\r\nv.        Estabelecer uma estrutura de coopera\u00e7\u00e3o para as fases de preven\u00e7\u00e3o e mitiga\u00e7\u00e3o, a fim de gerar iniciativas conjuntas para promover a capacita\u00e7\u00e3o e a constru\u00e7\u00e3o de resili\u00eancia para reduzir o risco de desastres e promover a adapta\u00e7\u00e3o \u00e0s mudan\u00e7as clim\u00e1ticas;  <br>\r\nvi.        Reunir-se regularmente para atualizar os elementos mencionados nos par\u00e1grafos anteriores, sob a convoca\u00e7\u00e3o do Presidente Rotativo do Consenso de Bras\u00edlia.<br>\r\n<\/p>\t\t\t\t<\/div>\n\t\t\t\t<\/div>\n\t\t\t\t<div class=\"elementor-element elementor-element-93735c5 elementor-align-right elementor-widget elementor-widget-button\" data-id=\"93735c5\" data-element_type=\"widget\" data-e-type=\"widget\" data-widget_type=\"button.default\">\n\t\t\t\t<div class=\"elementor-widget-container\">\n\t\t\t\t\t\t\t\t\t<div class=\"elementor-button-wrapper\">\n\t\t\t\t\t<a class=\"elementor-button elementor-button-link elementor-size-sm\" href=\"https:\/\/consensodebrasilia.org\/pt\/redes-de-trabajo\/grupo-de-trabajo-sudamericano-para-la-gestion-integral-del-riesgo-de-desastres\/\">\n\t\t\t\t\t\t<span class=\"elementor-button-content-wrapper\">\n\t\t\t\t\t\t\t\t\t<span class=\"elementor-button-text\">Ver detalhes<\/span>\n\t\t\t\t\t<\/span>\n\t\t\t\t\t<\/a>\n\t\t\t\t<\/div>\n\t\t\t\t\t\t\t\t<\/div>\n\t\t\t\t<\/div>\n\t\t\t\t<\/div>\n\t\t\t\t\t<\/div>\n\t\t\t\t<\/div>\n\t\t\t\t<\/div>\n\t\t<\/div><div class=\"jet-listing-grid__item jet-listing-dynamic-post-509 jet-equal-columns\" data-post-id=\"509\" >\t\t<div data-elementor-type=\"jet-listing-items\" data-elementor-id=\"483\" class=\"elementor elementor-483\" data-elementor-post-type=\"jet-engine\">\n\t\t\t\t<div class=\"elementor-element elementor-element-3977f53 e-flex e-con-boxed e-con e-parent\" data-id=\"3977f53\" data-element_type=\"container\" data-e-type=\"container\" data-settings=\"{&quot;background_background&quot;:&quot;classic&quot;}\">\n\t\t\t\t\t<div class=\"e-con-inner\">\n\t\t\t\t<div class=\"elementor-element elementor-element-a889f0d elementor-widget elementor-widget-image\" data-id=\"a889f0d\" data-element_type=\"widget\" data-e-type=\"widget\" data-widget_type=\"image.default\">\n\t\t\t\t<div class=\"elementor-widget-container\">\n\t\t\t\t\t\t\t\t\t\t\t\t\t\t\t<img decoding=\"async\" width=\"800\" height=\"600\" src=\"https:\/\/consensodebrasilia.org\/wp-content\/uploads\/2024\/12\/5.jpg\" class=\"attachment-large size-large wp-image-1123\" alt=\"\" srcset=\"https:\/\/consensodebrasilia.org\/wp-content\/uploads\/2024\/12\/5.jpg 800w, https:\/\/consensodebrasilia.org\/wp-content\/uploads\/2024\/12\/5-300x225.jpg 300w, https:\/\/consensodebrasilia.org\/wp-content\/uploads\/2024\/12\/5-768x576.jpg 768w, https:\/\/consensodebrasilia.org\/wp-content\/uploads\/2024\/12\/5-16x12.jpg 16w\" sizes=\"(max-width: 800px) 100vw, 800px\" \/>\t\t\t\t\t\t\t\t\t\t\t\t\t\t\t<\/div>\n\t\t\t\t<\/div>\n\t\t<div class=\"elementor-element elementor-element-4b55064 e-con-full e-flex e-con e-child\" data-id=\"4b55064\" data-element_type=\"container\" data-e-type=\"container\">\n\t\t\t\t<div class=\"elementor-element elementor-element-fa013c2 elementor-widget elementor-widget-heading\" data-id=\"fa013c2\" data-element_type=\"widget\" data-e-type=\"widget\" data-widget_type=\"heading.default\">\n\t\t\t\t<div class=\"elementor-widget-container\">\n\t\t\t\t\t<h2 class=\"elementor-heading-title elementor-size-default\">Rede de pr\u00e1ticas de desenvolvimento social no contexto sul-americano<\/h2>\t\t\t\t<\/div>\n\t\t\t\t<\/div>\n\t\t\t\t<div class=\"elementor-element elementor-element-68eb5d2 elementor-widget elementor-widget-heading\" data-id=\"68eb5d2\" data-element_type=\"widget\" data-e-type=\"widget\" data-widget_type=\"heading.default\">\n\t\t\t\t<div class=\"elementor-widget-container\">\n\t\t\t\t\t<p class=\"elementor-heading-title elementor-size-default\">A Rede de Pr\u00e1ticas em Desenvolvimento Social na Am\u00e9rica do Sul foi concebida como um mecanismo colaborativo para identificar prioridades comuns em desenvolvimento social, mantendo uma abordagem coordenada para enfrentar desafios compartilhados. Sua fun\u00e7\u00e3o, al\u00e9m de identificar prioridades, tamb\u00e9m se concentra no acompanhamento de iniciativas bem-sucedidas, facilitando o interc\u00e2mbio de boas pr\u00e1ticas entre as na\u00e7\u00f5es sul-americanas. A Rede foi criada em dezembro de 2023, sob a lideran\u00e7a da presid\u00eancia rotativa do Brasil.<\/p>\t\t\t\t<\/div>\n\t\t\t\t<\/div>\n\t\t\t\t<div class=\"elementor-element elementor-element-93735c5 elementor-align-right elementor-widget elementor-widget-button\" data-id=\"93735c5\" data-element_type=\"widget\" data-e-type=\"widget\" data-widget_type=\"button.default\">\n\t\t\t\t<div class=\"elementor-widget-container\">\n\t\t\t\t\t\t\t\t\t<div class=\"elementor-button-wrapper\">\n\t\t\t\t\t<a class=\"elementor-button elementor-button-link elementor-size-sm\" href=\"https:\/\/consensodebrasilia.org\/pt\/redes-de-trabajo\/red-de-practicas-en-desarrollo-social-en-el-ambito-sudamericano\/\">\n\t\t\t\t\t\t<span class=\"elementor-button-content-wrapper\">\n\t\t\t\t\t\t\t\t\t<span class=\"elementor-button-text\">Ver detalhes<\/span>\n\t\t\t\t\t<\/span>\n\t\t\t\t\t<\/a>\n\t\t\t\t<\/div>\n\t\t\t\t\t\t\t\t<\/div>\n\t\t\t\t<\/div>\n\t\t\t\t<\/div>\n\t\t\t\t\t<\/div>\n\t\t\t\t<\/div>\n\t\t\t\t<\/div>\n\t\t<\/div><div class=\"jet-listing-grid__item jet-listing-dynamic-post-504 jet-equal-columns\" data-post-id=\"504\" >\t\t<div data-elementor-type=\"jet-listing-items\" data-elementor-id=\"483\" class=\"elementor elementor-483\" data-elementor-post-type=\"jet-engine\">\n\t\t\t\t<div class=\"elementor-element elementor-element-3977f53 e-flex e-con-boxed e-con e-parent\" data-id=\"3977f53\" data-element_type=\"container\" data-e-type=\"container\" data-settings=\"{&quot;background_background&quot;:&quot;classic&quot;}\">\n\t\t\t\t\t<div class=\"e-con-inner\">\n\t\t\t\t<div class=\"elementor-element elementor-element-a889f0d elementor-widget elementor-widget-image\" data-id=\"a889f0d\" data-element_type=\"widget\" data-e-type=\"widget\" data-widget_type=\"image.default\">\n\t\t\t\t<div class=\"elementor-widget-container\">\n\t\t\t\t\t\t\t\t\t\t\t\t\t\t\t<img loading=\"lazy\" decoding=\"async\" width=\"800\" height=\"600\" src=\"https:\/\/consensodebrasilia.org\/wp-content\/uploads\/2024\/12\/4.jpg\" class=\"attachment-large size-large wp-image-1121\" alt=\"\" srcset=\"https:\/\/consensodebrasilia.org\/wp-content\/uploads\/2024\/12\/4.jpg 800w, https:\/\/consensodebrasilia.org\/wp-content\/uploads\/2024\/12\/4-300x225.jpg 300w, https:\/\/consensodebrasilia.org\/wp-content\/uploads\/2024\/12\/4-768x576.jpg 768w, https:\/\/consensodebrasilia.org\/wp-content\/uploads\/2024\/12\/4-16x12.jpg 16w\" sizes=\"(max-width: 800px) 100vw, 800px\" \/>\t\t\t\t\t\t\t\t\t\t\t\t\t\t\t<\/div>\n\t\t\t\t<\/div>\n\t\t<div class=\"elementor-element elementor-element-4b55064 e-con-full e-flex e-con e-child\" data-id=\"4b55064\" data-element_type=\"container\" data-e-type=\"container\">\n\t\t\t\t<div class=\"elementor-element elementor-element-fa013c2 elementor-widget elementor-widget-heading\" data-id=\"fa013c2\" data-element_type=\"widget\" data-e-type=\"widget\" data-widget_type=\"heading.default\">\n\t\t\t\t<div class=\"elementor-widget-container\">\n\t\t\t\t\t<h2 class=\"elementor-heading-title elementor-size-default\">Rede Sul-Americana de Educa\u00e7\u00e3o<\/h2>\t\t\t\t<\/div>\n\t\t\t\t<\/div>\n\t\t\t\t<div class=\"elementor-element elementor-element-68eb5d2 elementor-widget elementor-widget-heading\" data-id=\"68eb5d2\" data-element_type=\"widget\" data-e-type=\"widget\" data-widget_type=\"heading.default\">\n\t\t\t\t<div class=\"elementor-widget-container\">\n\t\t\t\t\t<p class=\"elementor-heading-title elementor-size-default\">A Rede Sul-Americana de Educa\u00e7\u00e3o \u00e9 o esfor\u00e7o mandatado na Primeira Reuni\u00e3o de Ministros da Educa\u00e7\u00e3o no \u00e2mbito do Consenso de Bras\u00edlia, realizada em 25 de janeiro de 2024, onde as autoridades destacaram a import\u00e2ncia de destacar os processos de integra\u00e7\u00e3o regional na educa\u00e7\u00e3o, bem como a necessidade de promover pol\u00edticas que permitam a gera\u00e7\u00e3o de um maior espa\u00e7o de coopera\u00e7\u00e3o. Naquela ocasi\u00e3o, o Chile apresentou aos pa\u00edses da regi\u00e3o duas propostas para iniciar a discuss\u00e3o da Rede, especificamente no campo da Educa\u00e7\u00e3o Rural e o convite para articular a rede como um \"Espa\u00e7o Sul-Americano de Coopera\u00e7\u00e3o Cient\u00edfica e Acad\u00eamica\" (ECCAS).\r\n<\/p>\t\t\t\t<\/div>\n\t\t\t\t<\/div>\n\t\t\t\t<div class=\"elementor-element elementor-element-93735c5 elementor-align-right elementor-widget elementor-widget-button\" data-id=\"93735c5\" data-element_type=\"widget\" data-e-type=\"widget\" data-widget_type=\"button.default\">\n\t\t\t\t<div class=\"elementor-widget-container\">\n\t\t\t\t\t\t\t\t\t<div class=\"elementor-button-wrapper\">\n\t\t\t\t\t<a class=\"elementor-button elementor-button-link elementor-size-sm\" href=\"https:\/\/consensodebrasilia.org\/pt\/redes-de-trabajo\/red-sudamericana-de-educacion\/\">\n\t\t\t\t\t\t<span class=\"elementor-button-content-wrapper\">\n\t\t\t\t\t\t\t\t\t<span class=\"elementor-button-text\">Ver detalhes<\/span>\n\t\t\t\t\t<\/span>\n\t\t\t\t\t<\/a>\n\t\t\t\t<\/div>\n\t\t\t\t\t\t\t\t<\/div>\n\t\t\t\t<\/div>\n\t\t\t\t<\/div>\n\t\t\t\t\t<\/div>\n\t\t\t\t<\/div>\n\t\t\t\t<\/div>\n\t\t<\/div><div class=\"jet-listing-grid__item jet-listing-dynamic-post-489 jet-equal-columns\" data-post-id=\"489\" >\t\t<div data-elementor-type=\"jet-listing-items\" data-elementor-id=\"483\" class=\"elementor elementor-483\" data-elementor-post-type=\"jet-engine\">\n\t\t\t\t<div class=\"elementor-element elementor-element-3977f53 e-flex e-con-boxed e-con e-parent\" data-id=\"3977f53\" data-element_type=\"container\" data-e-type=\"container\" data-settings=\"{&quot;background_background&quot;:&quot;classic&quot;}\">\n\t\t\t\t\t<div class=\"e-con-inner\">\n\t\t\t\t<div class=\"elementor-element elementor-element-a889f0d elementor-widget elementor-widget-image\" data-id=\"a889f0d\" data-element_type=\"widget\" data-e-type=\"widget\" data-widget_type=\"image.default\">\n\t\t\t\t<div class=\"elementor-widget-container\">\n\t\t\t\t\t\t\t\t\t\t\t\t\t\t\t<img loading=\"lazy\" decoding=\"async\" width=\"800\" height=\"600\" src=\"https:\/\/consensodebrasilia.org\/wp-content\/uploads\/2024\/12\/6.jpg\" class=\"attachment-large size-large wp-image-1122\" alt=\"\" srcset=\"https:\/\/consensodebrasilia.org\/wp-content\/uploads\/2024\/12\/6.jpg 800w, https:\/\/consensodebrasilia.org\/wp-content\/uploads\/2024\/12\/6-300x225.jpg 300w, https:\/\/consensodebrasilia.org\/wp-content\/uploads\/2024\/12\/6-768x576.jpg 768w, https:\/\/consensodebrasilia.org\/wp-content\/uploads\/2024\/12\/6-16x12.jpg 16w\" sizes=\"(max-width: 800px) 100vw, 800px\" \/>\t\t\t\t\t\t\t\t\t\t\t\t\t\t\t<\/div>\n\t\t\t\t<\/div>\n\t\t<div class=\"elementor-element elementor-element-4b55064 e-con-full e-flex e-con e-child\" data-id=\"4b55064\" data-element_type=\"container\" data-e-type=\"container\">\n\t\t\t\t<div class=\"elementor-element elementor-element-fa013c2 elementor-widget elementor-widget-heading\" data-id=\"fa013c2\" data-element_type=\"widget\" data-e-type=\"widget\" data-widget_type=\"heading.default\">\n\t\t\t\t<div class=\"elementor-widget-container\">\n\t\t\t\t\t<h2 class=\"elementor-heading-title elementor-size-default\">Rede de Infraestrutura e Transporte<\/h2>\t\t\t\t<\/div>\n\t\t\t\t<\/div>\n\t\t\t\t<div class=\"elementor-element elementor-element-68eb5d2 elementor-widget elementor-widget-heading\" data-id=\"68eb5d2\" data-element_type=\"widget\" data-e-type=\"widget\" data-widget_type=\"heading.default\">\n\t\t\t\t<div class=\"elementor-widget-container\">\n\t\t\t\t\t<p class=\"elementor-heading-title elementor-size-default\">A Rede de Infraestrutura e Transporte \u00e9 o esfor\u00e7o para preparar o caminho para a moderniza\u00e7\u00e3o da infraestrutura e da conectividade f\u00edsica e digital na Am\u00e9rica do Sul e para monitorar estrategicamente os projetos de infraestrutura regional que s\u00e3o de interesse de toda a Am\u00e9rica do Sul e t\u00eam o potencial de fortalecer a integra\u00e7\u00e3o regional.<\/p>\t\t\t\t<\/div>\n\t\t\t\t<\/div>\n\t\t\t\t<div class=\"elementor-element elementor-element-93735c5 elementor-align-right elementor-widget elementor-widget-button\" data-id=\"93735c5\" data-element_type=\"widget\" data-e-type=\"widget\" data-widget_type=\"button.default\">\n\t\t\t\t<div class=\"elementor-widget-container\">\n\t\t\t\t\t\t\t\t\t<div class=\"elementor-button-wrapper\">\n\t\t\t\t\t<a class=\"elementor-button elementor-button-link elementor-size-sm\" href=\"https:\/\/consensodebrasilia.org\/pt\/redes-de-trabajo\/red-de-infraestructura-y-transporte\/\">\n\t\t\t\t\t\t<span class=\"elementor-button-content-wrapper\">\n\t\t\t\t\t\t\t\t\t<span class=\"elementor-button-text\">Ver detalhes<\/span>\n\t\t\t\t\t<\/span>\n\t\t\t\t\t<\/a>\n\t\t\t\t<\/div>\n\t\t\t\t\t\t\t\t<\/div>\n\t\t\t\t<\/div>\n\t\t\t\t<\/div>\n\t\t\t\t\t<\/div>\n\t\t\t\t<\/div>\n\t\t\t\t<\/div>\n\t\t<\/div><\/div><\/div>\t\t\t\t<\/div>\n\t\t\t\t<\/div>\n\t\t\t\t\t<\/div>\n\t\t\t\t<\/div>\n\t\t\t\t<\/div>","protected":false},"excerpt":{"rendered":"<p>Ver detalle Ver detalle Ver detalle Ver detalle Ver detalle Ver detalle<\/p>","protected":false},"author":1,"featured_media":0,"parent":0,"menu_order":2,"comment_status":"closed","ping_status":"closed","template":"","meta":{"footnotes":""},"class_list":["post-702","page","type-page","status-publish","hentry"],"_links":{"self":[{"href":"https:\/\/consensodebrasilia.org\/pt\/wp-json\/wp\/v2\/pages\/702","targetHints":{"allow":["GET"]}}],"collection":[{"href":"https:\/\/consensodebrasilia.org\/pt\/wp-json\/wp\/v2\/pages"}],"about":[{"href":"https:\/\/consensodebrasilia.org\/pt\/wp-json\/wp\/v2\/types\/page"}],"author":[{"embeddable":true,"href":"https:\/\/consensodebrasilia.org\/pt\/wp-json\/wp\/v2\/users\/1"}],"replies":[{"embeddable":true,"href":"https:\/\/consensodebrasilia.org\/pt\/wp-json\/wp\/v2\/comments?post=702"}],"version-history":[{"count":8,"href":"https:\/\/consensodebrasilia.org\/pt\/wp-json\/wp\/v2\/pages\/702\/revisions"}],"predecessor-version":[{"id":1102,"href":"https:\/\/consensodebrasilia.org\/pt\/wp-json\/wp\/v2\/pages\/702\/revisions\/1102"}],"wp:attachment":[{"href":"https:\/\/consensodebrasilia.org\/pt\/wp-json\/wp\/v2\/media?parent=702"}],"curies":[{"name":"wp","href":"https:\/\/api.w.org\/{rel}","templated":true}]}}